{"id":18,"date":"2017-06-10T08:25:52","date_gmt":"2017-06-10T08:25:52","guid":{"rendered":"http:\/\/xtratheme.comconstruction\/?page_id=10"},"modified":"2023-03-10T10:24:22","modified_gmt":"2023-03-10T10:24:22","slug":"contact-us","status":"publish","type":"page","link":"https:\/\/www.cosneff.com\/de\/contact-us\/","title":{"rendered":"KONTAKTIERE UNS"},"content":{"rendered":"<section class=\"wpb-content-wrapper\"><div class=\"vc_row wpb_row vc_row-fluid\"><div class=\"wpb_column vc_column_container vc_col-sm-12\"><div class=\"vc_column-inner\"><div class=\"wpb_wrapper\"><div id=\"cz_73830\" class=\"cz_73830 cz_title clr cz_title_ba_line cz_title_pos_inline tac\"><div class=\"cz_title_shape shape_text cz_shape_1\">COSNEFF<\/div><div class=\"cz_title_content\"><div class=\"cz_wpe_content\"><h2 style=\"text-align: center;\">Kontaktiere uns<\/h2>\n<p style=\"text-align: center;\">Cosneff Contact<\/p>\n<\/div><div class=\"cz_title_line cz_line_after_title\"><span>_<\/span><\/div><\/div><\/div><div class=\"cz_gap clr\" style=\"height: 50px\"><\/div><\/div><\/div><\/div><\/div><div class=\"vc_row wpb_row vc_row-fluid\"><div class=\"wpb_column vc_column_container vc_col-sm-12\"><div class=\"vc_column-inner\"><div class=\"wpb_wrapper\"><div class=\"cz_eqh cz_content_box_parent_fx\"><div id=\"cz_55988\" class=\"cz_55988 cz_content_box clr\"><div class=\"cz_box_front clr\"><div class=\"cz_box_front_inner clr\"><span><\/span><div><div class=\"vc_row wpb_row vc_inner vc_row-fluid\"><div class=\"wpb_column vc_column_container vc_col-sm-6\"><div class=\"vc_column-inner\"><div class=\"wpb_wrapper\"><div id=\"cz_62698\" class=\"cz_62698 cz_title clr cz_title_pos_inline\"><div class=\"cz_title_content\"><div class=\"cz_wpe_content\"><h3><span style=\"font-size: 24px; color: #ffffff;\">Kontakt Formular<\/span><\/h3>\n<\/div><\/div><\/div><div class=\"cz_gap clr\" style=\"height: 30px\"><\/div>\n\t<div class=\"wpb_text_column wpb_content_element\" >\n\t\t<div class=\"wpb_wrapper\">\n\t\t\t<div id=\"quform-5c9c60\" class=\"quform quform-2 quform-theme-light quform-support-page-caching\"><form id=\"quform-form-5c9c60\" class=\"quform-form quform-form-2\" action=\"\/wp-json\/wp\/v2\/pages\/18\" method=\"post\" enctype=\"multipart\/form-data\" novalidate=\"novalidate\" data-options=\"{&quot;id&quot;:2,&quot;uniqueId&quot;:&quot;5c9c60&quot;,&quot;theme&quot;:&quot;light&quot;,&quot;ajax&quot;:true,&quot;logic&quot;:{&quot;logic&quot;:[],&quot;dependents&quot;:[],&quot;elementIds&quot;:[],&quot;dependentElementIds&quot;:[],&quot;animate&quot;:true},&quot;currentPageId&quot;:1,&quot;errorsIcon&quot;:&quot;&quot;,&quot;updateFancybox&quot;:true,&quot;hasPages&quot;:false,&quot;pages&quot;:[1],&quot;pageProgressType&quot;:&quot;numbers&quot;,&quot;tooltipsEnabled&quot;:true,&quot;tooltipClasses&quot;:&quot;qtip-quform-dark qtip-shadow&quot;,&quot;tooltipMy&quot;:&quot;left center&quot;,&quot;tooltipAt&quot;:&quot;right center&quot;,&quot;isRtl&quot;:false,&quot;scrollOffset&quot;:-50,&quot;scrollSpeed&quot;:800}\" data-trp-original-action=\"\/de\/wp-json\/wp\/v2\/pages\/18#quform-5c9c60\"><button class=\"quform-default-submit\" name=\"quform_submit\" type=\"submit\" value=\"submit\" aria-hidden=\"true\" tabindex=\"-1\"><\/button><div class=\"quform-form-inner quform-form-inner-2\"><input type=\"hidden\" name=\"quform_form_id\" value=\"2\" \/><input type=\"hidden\" name=\"quform_form_uid\" value=\"5c9c60\" \/><input type=\"hidden\" name=\"quform_count\" value=\"1\" \/><input type=\"hidden\" name=\"form_url\" value=\"https:\/\/www.cosneff.com\/de\/wp-json\/wp\/v2\/pages\/18\" \/><input type=\"hidden\" name=\"referring_url\" value=\"\" \/><input type=\"hidden\" name=\"post_id\" value=\"\" \/><input type=\"hidden\" name=\"post_title\" value=\"\" \/><input type=\"hidden\" name=\"quform_current_page_id\" value=\"1\" \/><input type=\"hidden\" name=\"quform_csrf_token\" value=\"NW8CIpUBV4lMsD8pzjRHG9ELU3yghcZLAlUi3dYL\" \/><div class=\"quform-elements quform-elements-2 quform-cf quform-responsive-elements-phone-landscape\"><div class=\"quform-element quform-element-page quform-page-1 quform-page-2_1 quform-cf quform-group-style-plain quform-first-page quform-last-page quform-current-page\"><div class=\"quform-child-elements\"><div class=\"quform-element quform-element-text quform-element-2_3 quform-cf quform-labels-inside quform-element-required\"><div class=\"quform-spacer\"><div class=\"quform-label quform-label-2_3\"><label class=\"quform-label-text\" for=\"quform_2_3_5c9c60\">Ihr Vor- und Nachname<span class=\"quform-required\">*<\/span><\/label><\/div><div class=\"quform-inner quform-inner-text quform-inner-2_3\"><div class=\"quform-input quform-input-text quform-input-2_3 quform-cf\"><input type=\"text\" id=\"quform_2_3_5c9c60\" name=\"quform_2_3\" class=\"quform-field quform-field-text quform-field-2_3\" \/><\/div><\/div><\/div><\/div><div class=\"quform-element quform-element-email quform-element-2_5 quform-cf quform-labels-inside quform-element-required\"><div class=\"quform-spacer\"><div class=\"quform-label quform-label-2_5\"><label class=\"quform-label-text\" for=\"quform_2_5_5c9c60\">Ihre E-Mail-Adresse<span class=\"quform-required\">*<\/span><\/label><\/div><div class=\"quform-inner quform-inner-email quform-inner-2_5\"><div class=\"quform-input quform-input-email quform-input-2_5 quform-cf\"><input type=\"email\" id=\"quform_2_5_5c9c60\" name=\"quform_2_5\" class=\"quform-field quform-field-email quform-field-2_5\" \/><\/div><\/div><\/div><\/div><div class=\"quform-element quform-element-text quform-element-2_4 quform-cf quform-labels-inside quform-element-required\"><div class=\"quform-spacer\"><div class=\"quform-label quform-label-2_4\"><label class=\"quform-label-text\" for=\"quform_2_4_5c9c60\">Thema<span class=\"quform-required\">*<\/span><\/label><\/div><div class=\"quform-inner quform-inner-text quform-inner-2_4\"><div class=\"quform-input quform-input-text quform-input-2_4 quform-cf\"><input type=\"text\" id=\"quform_2_4_5c9c60\" name=\"quform_2_4\" class=\"quform-field quform-field-text quform-field-2_4\" \/><\/div><\/div><\/div><\/div><div class=\"quform-element quform-element-textarea quform-element-2_6 quform-cf quform-labels-inside quform-element-required\"><div class=\"quform-spacer\"><div class=\"quform-label quform-label-2_6\"><label class=\"quform-label-text\" for=\"quform_2_6_5c9c60\">Ihre Nachricht<span class=\"quform-required\">*<\/span><\/label><\/div><div class=\"quform-inner quform-inner-textarea quform-inner-2_6\"><div class=\"quform-input quform-input-textarea quform-input-2_6 quform-cf\"><textarea id=\"quform_2_6_5c9c60\" name=\"quform_2_6\" class=\"quform-field quform-field-textarea quform-field-2_6\"><\/textarea><\/div><\/div><\/div><\/div><div class=\"quform-element quform-element-captcha quform-element-2_7 quform-cf quform-labels-inside quform-element-required\"><div class=\"quform-spacer\"><div class=\"quform-label quform-label-2_7\"><label class=\"quform-label-text\" for=\"quform_2_7_5c9c60\">Bitte geben Sie die Zeichen ein<span class=\"quform-required\">*<\/span><\/label><\/div><div class=\"quform-inner quform-inner-captcha quform-inner-2_7\"><div class=\"quform-input quform-input-captcha quform-input-2_7 quform-cf\"><input type=\"text\" id=\"quform_2_7_5c9c60\" name=\"quform_2_7\" class=\"quform-field quform-field-captcha quform-field-2_7\" \/><\/div><div class=\"quform-captcha quform-cf\"><div class=\"quform-captcha-image quform-captcha-image-2_7\"><img decoding=\"async\" class=\"quform-captcha-image-img\" src=\"data:image\/png;base64,iVBORw0KGgoAAAANSUhEUgAAAOYAAABQBAMAAAD\/1xTgAAAAG1BMVEX\/\/\/8iIiLj4+N0dHQ9PT1ZWVmQkJCsrKzHx8cTsjCPAAAACXBIWXMAAA7EAAAOxAGVKw4bAAAEHUlEQVRoge1YS1PbMBA2dh46VsQBjs4AgSOBEq4xENojbhmGI+YxcCRQAscEGOjPrla7kp\/ISQuZ6Yy\/Q2ILab99r4JllShRokSJErPE+sPTjBnrXznnB94sKWtcYmGGlMxHTn44O86BoOsfiY\/m53F4yVfw7LVlLYuv0WdROrzfvY29jznfpO+Nz+IcpELnU\/IIe798FmcInPP6lXHekw92fPWDIe2MLBLmHeDTP3G+3Zr+Wvv5S5lGnHwXHuyUb9e294+9SSkvuGveW4nHsy44l+ghXqD307SJF16UgJX4BltxruhasYdHi9Vp2oQDW3vGLXOc30RvHdxuB7xBlIGQEEzRD7GRmdVrJarf4U3PkmYexrQWXenxTsjyJuCUlVDg20FS1Dq8iFRqaCUAkBOrnJ8WU66ijjfGTUKv9pHfv44tCX82R\/TM9o8DzGV7koDWwbOdIo90aI4cxNVw43oOyEB\/gtYE0nY7RQOC8oPqEvDCXcFxv6d0HZPanXibsO+24q7RRyEqflG2KUpdx2KmnMk4LtEOkdnyO+SL+pT04be0LGgp7g2LjubD1pwULSENJotIZxWUCnGOI\/XtIC875eoPYO4ZORl448la85VyIf+OBDpNHWKfi8K0glouJmUNsIYrRaVSo+m8QuVRJx+3osKuUeore4VBQsPu0E+lCpSVO5JHzaXikLaMbiMtPv+8dQvcgfIQI4sd7W0HXAiy45JAEViG6vOMnFXlfKEjfHU4XDVPRHMIFacqzJrWvyX3phpTVTk7bX8G2vkB7qR8OoGjKio+sjMd4RBiz0hLBciATVSxoFRaShBqx1QS721HfZgKE+xlI9SvJ08kSgI4uRiytcJxP1aisZDrUelEHlKFGXAXTfCls5e7XlwSdebralGpRC0egyE43e7wa7IxYWGycykTOfOKoY1F6xdeGUNKPmoeDMvyVRxsaCtavGH\/pibZjOy0rLvThCz7jn4EJJczCCgR6hQFTkN7eKUpIc98foau28RDPTyTThZ2ibt2PMsAnyalalhh9mI7lBb2hA17j7gSYvY4espGWMO4GDNXzQCHirCaiQbdFDaWd0ZqaYwuruSJpsz33qe0VdPUdXqRltOSMo7jSxXsDmG64QKEw5qma0z76lkV09y7kRec\/VhwSe6CHHq97HYoFXaZGXMaMs3mleRR\/qZ6N3srD7BpZI68jUCQqVTI9f0b5PQMW1PIn2UgEG5PpqmiGt0CO+oW3mESwJntpoXXCvNH34Xcivx8NO5Noi6OumcZVbAnbJpOsku5qdFKNdgJYL\/lqdhG0oL\/uqydi\/FAnB\/wc57an\/kOZsHVncp+miwysHKe059yaB+EuckR\/PcQsc7pFXmwX7ffL+Qp8Tr6KEklSpQoUaJEiRIl\/iv8AcvypNpRE0hCAAAAAElFTkSuQmCC\" alt=\"CAPTCHA image\" data-element-id=\"7\" width=\"115\" height=\"40\" \/><\/div><\/div><p class=\"quform-description quform-description-below\">Dies hilft uns, Spam zu verhindern, vielen Dank.<\/p><\/div><\/div><\/div><div class=\"quform-element quform-element-submit quform-element-2_2 quform-cf quform-button-style-theme quform-button-size-medium quform-button-width-medium\"><div class=\"quform-button-submit quform-button-submit-default quform-button-submit-2_2\" data-animation=\"one\"><button name=\"quform_submit\" type=\"submit\" class=\"quform-submit\" value=\"submit\"><span class=\"quform-button-text quform-button-submit-text\">Send<\/span><\/button><\/div><div class=\"quform-loading quform-loading-position-left quform-loading-type-spinner-1\"><div class=\"quform-loading-inner\"><div class=\"quform-loading-spinner\"><div class=\"quform-loading-spinner-inner\"><\/div><\/div><\/div><\/div><\/div><div class=\"quform-element-tree\"><label for=\"quform_2_0_5c9c60\">This field should be left blank<\/label><input type=\"text\" id=\"quform_2_0_5c9c60\" name=\"quform_2_0\" class=\"quform-field quform-field-tree quform-field-2_0\" tabindex=\"-1\" autocomplete=\"off\" \/><\/div><\/div><\/div><\/div><\/div><input type=\"hidden\" name=\"trp-form-language\" value=\"de\"\/><\/form><\/div>\n\n\t\t<\/div>\n\t<\/div>\n<\/div><\/div><\/div><div class=\"wpb_column vc_column_container vc_col-sm-6\"><div class=\"vc_column-inner\"><div class=\"wpb_wrapper\"><div class=\"cz_gap clr\" style=\"height: 50px\"><\/div><div id=\"cz_93999\" class=\"cz_93999 cz_title clr cz_title_has_icon cz_title_pos_inline\"><a href=\"mailto:info@cosneff.com\"><div class=\"cz_title_content\"><i class=\"cz_title_icon_before fa fa-envelope-o\"><\/i><div class=\"cz_wpe_content\"><h3><span style=\"color: #ffffff;\">Unterst\u00fctzung<\/span><\/h3>\n<p><span style=\"color: #ffffff; font-size: 14px;\">info@cosneff.com<\/span><\/p>\n<\/div><\/div><\/a><\/div><div id=\"cz_28618\" class=\"cz_28618 cz_title clr cz_title_has_icon cz_title_pos_inline\"><a href=\"tel: 908508887888\"><div class=\"cz_title_content\"><i class=\"cz_title_icon_before fas fa-phone-alt\"><\/i><div class=\"cz_wpe_content\"><h3><span style=\"color: #ffffff;\">Telefon<\/span><\/h3>\n<p><span style=\"color: #ffffff; font-size: 14px;\">+90 (850) 888 7 888<\/span><\/p>\n<\/div><\/div><\/a><\/div><div id=\"cz_44335\" class=\"cz_44335 cz_title clr cz_title_has_icon cz_title_pos_inline\"><div class=\"cz_title_content\"><i class=\"cz_title_icon_before fa czico-170-location\"><\/i><div class=\"cz_wpe_content\"><h3><span style=\"color: #ffffff;\">GE-Adresse<\/span><\/h3>\n<p><span style=\"font-size: 14px; color: #ffffff;\">Spaces Resco-Work23 Wallstr. 1st Floor Office No 043 10179 Berlin, GERMANY<\/span><\/p>\n<\/div><\/div><\/div><div id=\"cz_57574\" class=\"cz_57574 cz_title clr cz_title_has_icon cz_title_pos_inline\"><div class=\"cz_title_content\"><i class=\"cz_title_icon_before fa czico-170-location\"><\/i><div class=\"cz_wpe_content\"><h3><span style=\"color: #ffffff;\">UK-Adresse<\/span><\/h3>\n<p><span style=\"font-size: 14px; color: #ffffff;\">11 Glenthorne Road, W6 0LH London, UK<\/span><\/p>\n<\/div><\/div><\/div><div id=\"cz_61606\" class=\"cz_61606 cz_title clr cz_title_has_icon cz_title_pos_inline\"><div class=\"cz_title_content\"><i class=\"cz_title_icon_before fa czico-170-location\"><\/i><div class=\"cz_wpe_content\"><h3><span style=\"color: #ffffff;\">TR-Adresse<\/span><\/h3>\n<p><span style=\"font-size: 14px; color: #ffffff;\">\u00c7ampark Residence \u00c7aml\u0131k Road \u015eat\u0131ro\u011flu Street No 6-10 A \u00dcmraniye\/\u0130stanbul\/T\u00dcRK\u0130YE<\/span><\/p>\n<\/div><\/div><\/div><\/div><\/div><\/div><\/div><\/div><\/div><\/div><\/div><\/div><\/div><\/div><\/div><\/div>\n<\/section>","protected":false},"excerpt":{"rendered":"COSNEFFContact Us Cosneff Contact _Contact Form Your Name &amp; Surname*Your Email Address*Subject*Your Message*Please type the characters*This helps us prevent spam,","protected":false},"author":1,"featured_media":0,"parent":0,"menu_order":0,"comment_status":"closed","ping_status":"closed","template":"","meta":{"footnotes":""},"class_list":["post-18","page","type-page","status-publish","hentry"],"_links":{"self":[{"href":"https:\/\/www.cosneff.com\/de\/wp-json\/wp\/v2\/pages\/18","targetHints":{"allow":["GET"]}}],"collection":[{"href":"https:\/\/www.cosneff.com\/de\/wp-json\/wp\/v2\/pages"}],"about":[{"href":"https:\/\/www.cosneff.com\/de\/wp-json\/wp\/v2\/types\/page"}],"author":[{"embeddable":true,"href":"https:\/\/www.cosneff.com\/de\/wp-json\/wp\/v2\/users\/1"}],"replies":[{"embeddable":true,"href":"https:\/\/www.cosneff.com\/de\/wp-json\/wp\/v2\/comments?post=18"}],"version-history":[{"count":11,"href":"https:\/\/www.cosneff.com\/de\/wp-json\/wp\/v2\/pages\/18\/revisions"}],"predecessor-version":[{"id":937,"href":"https:\/\/www.cosneff.com\/de\/wp-json\/wp\/v2\/pages\/18\/revisions\/937"}],"wp:attachment":[{"href":"https:\/\/www.cosneff.com\/de\/wp-json\/wp\/v2\/media?parent=18"}],"curies":[{"name":"wp","href":"https:\/\/api.w.org\/{rel}","templated":true}]}}