{"id":6,"date":"2017-06-10T08:24:41","date_gmt":"2017-06-10T08:24:41","guid":{"rendered":"http:\/\/xtratheme.comconstruction\/?page_id=6"},"modified":"2023-05-20T09:21:59","modified_gmt":"2023-05-20T09:21:59","slug":"about-us","status":"publish","type":"page","link":"https:\/\/www.cosneff.com\/de\/about-us\/","title":{"rendered":"\u00dcber uns"},"content":{"rendered":"<section class=\"wpb-content-wrapper\"><div class=\"vc_row wpb_row vc_row-fluid\"><div class=\"wpb_column vc_column_container vc_col-sm-6\"><div class=\"vc_column-inner\"><div class=\"wpb_wrapper\"><div id=\"cz_86960\" class=\"cz_86960 cz_title clr cz_title_pos_inline\"><div class=\"cz_title_content\"><span class=\"cz_line_side_solo\">_<\/span><div class=\"cz_wpe_content\"><h3 style=\"text-align: left;\">\u00dcber uns<\/h3>\n<p style=\"text-align: left;\"><span style=\"color: #999999;\">Wer sind wir?<\/span><\/p>\n<\/div><\/div><\/div><div class=\"cz_gap clr\" style=\"height: 25px\"><\/div>\n\t<div class=\"wpb_text_column wpb_content_element\" >\n\t\t<div class=\"wpb_wrapper\">\n\t\t\t<div style=\"line-height: 1.3; text-align: justify;\">\n<div class=\"wpb_text_column wpb_content_element\">\n<div class=\"wpb_wrapper\">\n<div>Die 2008 gegr\u00fcndete \u0130\u015eKAR GROUP ist einer der gr\u00f6\u00dften Hersteller von \nHaarentfernungsger\u00e4ten in der T\u00fcrkei im Bereich der medizinischen Kosmetik. Wir \nentwickeln, produzieren, vertreiben, bieten technischen Service und Schulungen \nf\u00fcr unsere Kunden auf nationalen und internationalen M\u00e4rkten mit einzigartigem \nProduktdesign und Design mit starken Forschungs- und Entwicklungsstudien.<\/div>\n<div><\/div>\n<\/div>\n<\/div>\n<div class=\"wpb_text_column wpb_content_element\">\n<div class=\"wpb_wrapper\">\n<div>Mit unseren international anerkannten Marken bedienen wir namhafte Kunden. Wir \nstellen die Kundenzufriedenheit \u00fcber alles und erzielen weiterhin internationale \nErfolge. Wir sind einer der st\u00e4rksten Akteure auf dem Markt und wir beziehen diese \nKraft aus den qualitativ hochwertigen und wirtschaftlichen Produkten, die wir \nunseren Kunden anbieten.<\/div>\n<\/div>\n<\/div>\n<\/div>\n\n\t\t<\/div>\n\t<\/div>\n\n\t<div class=\"wpb_text_column wpb_content_element\" >\n\t\t<div class=\"wpb_wrapper\">\n\t\t\t<div style=\"line-height: 1.3; text-align: justify;\">\n<div class=\"wpb_text_column wpb_content_element\">\n<div class=\"wpb_wrapper\">\n<div>Um dieses erreichte Niveau zu halten und unsere Marke zu einer globalen Marke \nzu machen, verfolgen wir st\u00e4ndig die Technologie. Wir befinden uns in st\u00e4ndiger \nWeiterentwicklung. Wir kooperieren mit Professoren, die Experten auf ihrem Gebiet \nsind, von den f\u00fchrenden Universit\u00e4ten der T\u00fcrkei. Wir versuchen, einen Beitrag \nzum Sektor zu leisten, indem wir unseren Platz auf nationalen und internationalen \nMessen, Organisationen und Seminaren im Zusammenhang mit dem Sch\u00f6nheitsund Pflegesektor einnehmen.<\/div>\n<div><\/div>\n<\/div>\n<\/div>\n<div class=\"wpb_text_column wpb_content_element\">\n<div class=\"wpb_wrapper\">\n<div>Ich m\u00f6chte allen meinen Kollegen und unseren wertvollen Benutzern meinen Dank \naussprechen, die unser Wachstum unterst\u00fctzen und uns unabh\u00e4ngig von den \nUmst\u00e4nden immer einen Schritt nach vorne bringen. Mit gegenseitigem Respekt \nund Verantwortung schaffen wir Werte und wachsen gemeinsam und solidarisch \nstetig weiter.<\/div>\n<\/div>\n<\/div>\n<\/div>\n\n\t\t<\/div>\n\t<\/div>\n\n\t<div class=\"wpb_text_column wpb_content_element\" >\n\t\t<div class=\"wpb_wrapper\">\n\t\t\t<div style=\"line-height: 1.3; text-align: justify;\">\n<div class=\"wpb_text_column wpb_content_element\">\n<div class=\"wpb_wrapper\">\n<div>Die daf\u00fcr n\u00f6tige Energie, Kraft und vor allem die Entschlossenheit sp\u00fcre ich jeden \nTag in meinen Adern.<\/div>\n<div><\/div>\n<\/div>\n<\/div>\n<\/div>\n\n\t\t<\/div>\n\t<\/div>\n\n\t<div class=\"wpb_text_column wpb_content_element\" >\n\t\t<div class=\"wpb_wrapper\">\n\t\t\t<p>Mit Respekt,<br \/>\n<span style=\"color: #1e64ac;\"><strong>Ferit \u0130\u015eKAR<\/strong><\/span><br \/>\n<span style=\"color: #1e64ac;\"><strong>Pr\u00e4sident des Verwaltungsrates<\/strong><\/span><\/p>\n\n\t\t<\/div>\n\t<\/div>\n<\/div><\/div><\/div><div class=\"wpb_column vc_column_container vc_col-sm-6\"><div class=\"vc_column-inner\"><div class=\"wpb_wrapper\"><div class=\"cz_gap clr  hide_on_mobile\" style=\"height: 50px\"><\/div><div class=\"cz_gap show_on_mobile clr\" style=\"height: 5px\"><\/div><div id=\"cz_66777\" class=\"cz_66777 cz_image clr cz_image_no_fx center_on_mobile\"><div class=\"\" ><div class=\"cz_image_in\" data-tilt><div class=\"cz_main_image\"><img decoding=\"async\" width=\"632\" height=\"768\" src=\"data:image\/svg+xml,%3Csvg%20xmlns%3D&#39;http%3A%2F%2Fwww.w3.org%2F2000%2Fsvg&#39;%20width=&#39;632&#39;%20height=&#39;768&#39;%20viewBox%3D&#39;0%200%20632%20768&#39;%2F%3E\" data-czlz data-src=\"https:\/\/www.cosneff.com\/wp-content\/uploads\/2023\/03\/Ferit-Iskar.jpg\" class=\"attachment-full\" alt=\"\" title=\"\" data-srcset=\"https:\/\/www.cosneff.com\/wp-content\/uploads\/2023\/03\/Ferit-Iskar.jpg 632w, https:\/\/www.cosneff.com\/wp-content\/uploads\/2023\/03\/Ferit-Iskar-247x300.jpg 247w, https:\/\/www.cosneff.com\/wp-content\/uploads\/2023\/03\/Ferit-Iskar-600x729.jpg 600w\" data-sizes=\"(max-width: 632px) 100vw, 632px\" \/><\/div><\/div><\/div><\/div><\/div><\/div><\/div><\/div>\n<\/section>","protected":false},"excerpt":{"rendered":"_About Us Who We Are? \u0130\u015eKAR GROUP, founded in 2008, is one of Turkey\u2019s largest hair removal device manufacturers in","protected":false},"author":1,"featured_media":0,"parent":0,"menu_order":0,"comment_status":"closed","ping_status":"closed","template":"","meta":{"footnotes":""},"class_list":["post-6","page","type-page","status-publish","hentry"],"_links":{"self":[{"href":"https:\/\/www.cosneff.com\/de\/wp-json\/wp\/v2\/pages\/6","targetHints":{"allow":["GET"]}}],"collection":[{"href":"https:\/\/www.cosneff.com\/de\/wp-json\/wp\/v2\/pages"}],"about":[{"href":"https:\/\/www.cosneff.com\/de\/wp-json\/wp\/v2\/types\/page"}],"author":[{"embeddable":true,"href":"https:\/\/www.cosneff.com\/de\/wp-json\/wp\/v2\/users\/1"}],"replies":[{"embeddable":true,"href":"https:\/\/www.cosneff.com\/de\/wp-json\/wp\/v2\/comments?post=6"}],"version-history":[{"count":9,"href":"https:\/\/www.cosneff.com\/de\/wp-json\/wp\/v2\/pages\/6\/revisions"}],"predecessor-version":[{"id":1231,"href":"https:\/\/www.cosneff.com\/de\/wp-json\/wp\/v2\/pages\/6\/revisions\/1231"}],"wp:attachment":[{"href":"https:\/\/www.cosneff.com\/de\/wp-json\/wp\/v2\/media?parent=6"}],"curies":[{"name":"wp","href":"https:\/\/api.w.org\/{rel}","templated":true}]}}